{"id":5718,"date":"2021-09-01T16:49:00","date_gmt":"2021-09-01T16:49:00","guid":{"rendered":"https:\/\/www.montebellopkg.com\/ingenierie\/"},"modified":"2024-02-15T18:47:55","modified_gmt":"2024-02-15T18:47:55","slug":"ingenierie","status":"publish","type":"page","link":"https:\/\/www.montebellopkg.com\/fr\/ingenierie\/","title":{"rendered":"Ing\u00e9nierie"},"content":{"rendered":"\t\t<div data-elementor-type=\"wp-page\" data-elementor-id=\"5718\" class=\"elementor elementor-5718 elementor-4538\">\n\t\t\t\t\t\t<section class=\"elementor-section elementor-top-section elementor-element elementor-element-d675d6d elementor-section-height-min-height elementor-section-boxed elementor-section-height-default elementor-section-items-middle\" data-id=\"d675d6d\" data-element_type=\"section\" data-settings=\"{&quot;background_background&quot;:&quot;classic&quot;}\">\n\t\t\t\t\t\t\t<div class=\"elementor-background-overlay\"><\/div>\n\t\t\t\t\t\t\t<div class=\"elementor-container elementor-column-gap-default\">\n\t\t\t\t\t<div class=\"elementor-column elementor-col-100 elementor-top-column elementor-element elementor-element-9f5525c\" data-id=\"9f5525c\" data-element_type=\"column\">\n\t\t\t<div class=\"elementor-widget-wrap elementor-element-populated\">\n\t\t\t\t\t\t<div class=\"elementor-element elementor-element-34813af elementor-widget elementor-widget-heading\" data-id=\"34813af\" data-element_type=\"widget\" data-widget_type=\"heading.default\">\n\t\t\t\t<div class=\"elementor-widget-container\">\n\t\t\t<h2 class=\"elementor-heading-title elementor-size-default\"><b>Ing\u00e9nierie<\/b><\/h2>\t\t<\/div>\n\t\t\t\t<\/div>\n\t\t\t\t\t<\/div>\n\t\t<\/div>\n\t\t\t\t\t<\/div>\n\t\t<\/section>\n\t\t\t\t<section class=\"elementor-section elementor-top-section elementor-element elementor-element-ea5eb85 elementor-section-height-min-height elementor-section-boxed elementor-section-height-default elementor-section-items-middle\" data-id=\"ea5eb85\" data-element_type=\"section\">\n\t\t\t\t\t\t<div class=\"elementor-container elementor-column-gap-default\">\n\t\t\t\t\t<div class=\"elementor-column elementor-col-50 elementor-top-column elementor-element elementor-element-5200cc9\" data-id=\"5200cc9\" data-element_type=\"column\">\n\t\t\t<div class=\"elementor-widget-wrap elementor-element-populated\">\n\t\t\t\t\t\t<div class=\"elementor-element elementor-element-9ce4084 elementor-widget elementor-widget-image\" data-id=\"9ce4084\" data-element_type=\"widget\" data-widget_type=\"image.default\">\n\t\t\t\t<div class=\"elementor-widget-container\">\n\t\t\t\t\t\t\t\t\t\t\t\t\t<img fetchpriority=\"high\" decoding=\"async\" width=\"1024\" height=\"868\" src=\"https:\/\/www.montebellopkg.com\/wp-content\/uploads\/2024\/02\/02-Women-Computer-1024x868.png\" class=\"attachment-large size-large wp-image-9745\" alt=\"pre-press graphic design\" srcset=\"https:\/\/www.montebellopkg.com\/wp-content\/uploads\/2024\/02\/02-Women-Computer-1024x868.png 1024w, https:\/\/www.montebellopkg.com\/wp-content\/uploads\/2024\/02\/02-Women-Computer-300x254.png 300w, https:\/\/www.montebellopkg.com\/wp-content\/uploads\/2024\/02\/02-Women-Computer-768x651.png 768w, https:\/\/www.montebellopkg.com\/wp-content\/uploads\/2024\/02\/02-Women-Computer-1536x1302.png 1536w, https:\/\/www.montebellopkg.com\/wp-content\/uploads\/2024\/02\/02-Women-Computer-600x509.png 600w, https:\/\/www.montebellopkg.com\/wp-content\/uploads\/2024\/02\/02-Women-Computer.png 1880w\" sizes=\"(max-width: 1024px) 100vw, 1024px\" \/>\t\t\t\t\t\t\t\t\t\t\t\t\t<\/div>\n\t\t\t\t<\/div>\n\t\t\t\t\t<\/div>\n\t\t<\/div>\n\t\t\t\t<div class=\"elementor-column elementor-col-50 elementor-top-column elementor-element elementor-element-ff22d66\" data-id=\"ff22d66\" data-element_type=\"column\">\n\t\t\t<div class=\"elementor-widget-wrap elementor-element-populated\">\n\t\t\t\t\t\t<div class=\"elementor-element elementor-element-9dbbddf elementor-widget elementor-widget-text-editor\" data-id=\"9dbbddf\" data-element_type=\"widget\" data-widget_type=\"text-editor.default\">\n\t\t\t\t<div class=\"elementor-widget-container\">\n\t\t\t\t\t\t\t<p style=\"text-align: left;\">Pendant des ann\u00e9es, <strong><a href=\"https:\/\/www.montebellopkg.com\/fr\/\">Montebello Packaging<\/a><\/strong> a travaill\u00e9 avec d&#8217;autres entreprises pour concevoir et fabriquer des solutions personnalis\u00e9es afin de les aider \u00e0 accro\u00eetre leurs activit\u00e9s dans le monde de l&#8217;emballage durable. En 2008, Montebello Packaging a acquis V-Mark Automation, une entreprise active dans le domaine de l&#8217;ing\u00e9nierie depuis plus de 40 ans.<\/p>\t\t\t\t\t\t<\/div>\n\t\t\t\t<\/div>\n\t\t\t\t<div class=\"elementor-element elementor-element-9c13c01 elementor-widget elementor-widget-image\" data-id=\"9c13c01\" data-element_type=\"widget\" data-widget_type=\"image.default\">\n\t\t\t\t<div class=\"elementor-widget-container\">\n\t\t\t\t\t\t\t\t\t\t\t\t\t<img decoding=\"async\" width=\"300\" height=\"101\" src=\"https:\/\/www.montebellopkg.com\/wp-content\/uploads\/2021\/09\/MTSL_logo1bb-300x101-1.png\" class=\"attachment-large size-large wp-image-4542\" alt=\"Montebello Technical Service Limited\" \/>\t\t\t\t\t\t\t\t\t\t\t\t\t<\/div>\n\t\t\t\t<\/div>\n\t\t\t\t\t<\/div>\n\t\t<\/div>\n\t\t\t\t\t<\/div>\n\t\t<\/section>\n\t\t\t\t<section class=\"elementor-section elementor-top-section elementor-element elementor-element-9385615 elementor-section-height-min-height elementor-section-boxed elementor-section-height-default elementor-section-items-middle\" data-id=\"9385615\" data-element_type=\"section\" data-settings=\"{&quot;background_background&quot;:&quot;classic&quot;}\">\n\t\t\t\t\t\t<div class=\"elementor-container elementor-column-gap-default\">\n\t\t\t\t\t<div class=\"elementor-column elementor-col-50 elementor-top-column elementor-element elementor-element-40e3a6e\" data-id=\"40e3a6e\" data-element_type=\"column\">\n\t\t\t<div class=\"elementor-widget-wrap elementor-element-populated\">\n\t\t\t\t\t\t<div class=\"elementor-element elementor-element-ea52d65 elementor-widget elementor-widget-text-editor\" data-id=\"ea52d65\" data-element_type=\"widget\" data-widget_type=\"text-editor.default\">\n\t\t\t\t<div class=\"elementor-widget-container\">\n\t\t\t\t\t\t\t<p style=\"text-align: left;\">La division d&#8217;ing\u00e9nierie de Montebello Packaging (maintenant Montebello Technical Service Limited ou simplement MTSL) se consacre \u00e0 <strong>la conception et \u00e0 la fabrication<\/strong> d&#8217;\u00e9quipements de production automatiques depuis 1965. Avoir une solution d&#8217;ing\u00e9nierie interne nous permet de concevoir et de construire une grande vari\u00e9t\u00e9 de machines de production d&#8217;assemblage automatique \u00e0 grande vitesse personnalis\u00e9es, efficaces et fiables\u00a0; pour notre usage et celui d&#8217;autres soci\u00e9t\u00e9s.<\/p><p style=\"text-align: left;\">MTSL dispose d&#8217;un personnel exp\u00e9riment\u00e9, d\u00e9vou\u00e9 et diversifi\u00e9, comprenant des gens hautement qualifi\u00e9s n\u00e9cessaires \u00e0 la mise en \u0153uvre efficace de leurs projets. Ils ont acquis leurs comp\u00e9tences tout en d\u00e9veloppant des solutions automatis\u00e9es dans les instruments d&#8217;\u00e9criture, les cosm\u00e9tiques, les emballages personnalis\u00e9s, l&#8217;\u00e9lectronique, l&#8217;automobile, pharmaceutique et un large \u00e9ventail d&#8217;autres industries.<\/p>\t\t\t\t\t\t<\/div>\n\t\t\t\t<\/div>\n\t\t\t\t\t<\/div>\n\t\t<\/div>\n\t\t\t\t<div class=\"elementor-column elementor-col-50 elementor-top-column elementor-element elementor-element-60b8635\" data-id=\"60b8635\" data-element_type=\"column\">\n\t\t\t<div class=\"elementor-widget-wrap elementor-element-populated\">\n\t\t\t\t\t\t<div class=\"elementor-element elementor-element-cba15a4 elementor-widget elementor-widget-image\" data-id=\"cba15a4\" data-element_type=\"widget\" data-widget_type=\"image.default\">\n\t\t\t\t<div class=\"elementor-widget-container\">\n\t\t\t\t\t\t\t\t\t\t\t\t\t<img decoding=\"async\" width=\"1024\" height=\"868\" src=\"https:\/\/www.montebellopkg.com\/wp-content\/uploads\/2024\/02\/03-Engineering-1024x868.png\" class=\"attachment-large size-large wp-image-9749\" alt=\"engineering and manufacturing\" srcset=\"https:\/\/www.montebellopkg.com\/wp-content\/uploads\/2024\/02\/03-Engineering-1024x868.png 1024w, https:\/\/www.montebellopkg.com\/wp-content\/uploads\/2024\/02\/03-Engineering-300x254.png 300w, https:\/\/www.montebellopkg.com\/wp-content\/uploads\/2024\/02\/03-Engineering-768x651.png 768w, https:\/\/www.montebellopkg.com\/wp-content\/uploads\/2024\/02\/03-Engineering-1536x1302.png 1536w, https:\/\/www.montebellopkg.com\/wp-content\/uploads\/2024\/02\/03-Engineering-600x509.png 600w, https:\/\/www.montebellopkg.com\/wp-content\/uploads\/2024\/02\/03-Engineering.png 1880w\" sizes=\"(max-width: 1024px) 100vw, 1024px\" \/>\t\t\t\t\t\t\t\t\t\t\t\t\t<\/div>\n\t\t\t\t<\/div>\n\t\t\t\t\t<\/div>\n\t\t<\/div>\n\t\t\t\t\t<\/div>\n\t\t<\/section>\n\t\t\t\t<\/div>\n\t\t","protected":false},"excerpt":{"rendered":"<p>Ing\u00e9nierie Pendant des ann\u00e9es, Montebello Packaging a travaill\u00e9 avec d&#8217;autres entreprises pour concevoir et fabriquer des solutions personnalis\u00e9es afin de les aider \u00e0 accro\u00eetre leurs activit\u00e9s dans le monde de l&#8217;emballage durable. En 2008, Montebello Packaging a acquis V-Mark Automation, une entreprise active dans le domaine de l&#8217;ing\u00e9nierie depuis plus de 40 ans. La division [&hellip;]<\/p>\n","protected":false},"author":2,"featured_media":0,"parent":0,"menu_order":0,"comment_status":"closed","ping_status":"closed","template":"","meta":{"site-sidebar-layout":"no-sidebar","site-content-layout":"page-builder","ast-site-content-layout":"full-width-container","site-content-style":"unboxed","site-sidebar-style":"unboxed","ast-global-header-display":"","ast-banner-title-visibility":"","ast-main-header-display":"","ast-hfb-above-header-display":"","ast-hfb-below-header-display":"","ast-hfb-mobile-header-display":"","site-post-title":"disabled","ast-breadcrumbs-content":"","ast-featured-img":"disabled","footer-sml-layout":"","theme-transparent-header-meta":"default","adv-header-id-meta":"","stick-header-meta":"default","header-above-stick-meta":"","header-main-stick-meta":"","header-below-stick-meta":"","astra-migrate-meta-layouts":"default","ast-page-background-enabled":"default","ast-page-background-meta":{"desktop":{"background-color":"","background-image":"","background-repeat":"repeat","background-position":"center center","background-size":"auto","background-attachment":"scroll","background-type":"","background-media":"","overlay-type":"","overlay-color":"","overlay-gradient":""},"tablet":{"background-color":"","background-image":"","background-repeat":"repeat","background-position":"center center","background-size":"auto","background-attachment":"scroll","background-type":"","background-media":"","overlay-type":"","overlay-color":"","overlay-gradient":""},"mobile":{"background-color":"","background-image":"","background-repeat":"repeat","background-position":"center center","background-size":"auto","background-attachment":"scroll","background-type":"","background-media":"","overlay-type":"","overlay-color":"","overlay-gradient":""}},"ast-content-background-meta":{"desktop":{"background-color":"var(--ast-global-color-5)","background-image":"","background-repeat":"repeat","background-position":"center center","background-size":"auto","background-attachment":"scroll","background-type":"","background-media":"","overlay-type":"","overlay-color":"","overlay-gradient":""},"tablet":{"background-color":"var(--ast-global-color-5)","background-image":"","background-repeat":"repeat","background-position":"center center","background-size":"auto","background-attachment":"scroll","background-type":"","background-media":"","overlay-type":"","overlay-color":"","overlay-gradient":""},"mobile":{"background-color":"var(--ast-global-color-5)","background-image":"","background-repeat":"repeat","background-position":"center center","background-size":"auto","background-attachment":"scroll","background-type":"","background-media":"","overlay-type":"","overlay-color":"","overlay-gradient":""}},"footnotes":""},"class_list":["post-5718","page","type-page","status-publish","hentry"],"yoast_head":"<!-- This site is optimized with the Yoast SEO plugin v24.6 - https:\/\/yoast.com\/wordpress\/plugins\/seo\/ -->\n<title>Ing\u00e9nierie - Montebello Packaging<\/title>\n<meta name=\"description\" content=\"Montebello Packaging aide d&#039;autres entreprises \u00e0 concevoir et fabriquer des solutions personnalis\u00e9es et durables dans le monde de l&#039;emballage.\" \/>\n<meta name=\"robots\" content=\"index, follow, max-snippet:-1, max-image-preview:large, max-video-preview:-1\" \/>\n<link rel=\"canonical\" href=\"https:\/\/www.montebellopkg.com\/fr\/ingenierie\/\" \/>\n<meta property=\"og:locale\" content=\"fr_FR\" \/>\n<meta property=\"og:type\" content=\"article\" \/>\n<meta property=\"og:title\" content=\"Emballages Montebello - Ing\u00e9nierie\" \/>\n<meta property=\"og:description\" content=\"Montebello Packaging aide d&#039;autres entreprises \u00e0 concevoir et fabriquer des solutions personnalis\u00e9es et durables dans le monde de l&#039;emballage.\" \/>\n<meta property=\"og:url\" content=\"https:\/\/www.montebellopkg.com\/fr\/ingenierie\/\" \/>\n<meta property=\"og:site_name\" content=\"Montebello Packaging\" \/>\n<meta property=\"article:modified_time\" content=\"2024-02-15T18:47:55+00:00\" \/>\n<meta property=\"og:image\" content=\"https:\/\/www.montebellopkg.com\/wp-content\/uploads\/2021\/09\/Montebello-Site-Assets-36.png\" \/>\n<meta name=\"twitter:card\" content=\"summary_large_image\" \/>\n<meta name=\"twitter:title\" content=\"Emballages Montebello - Ing\u00e9nierie\" \/>\n<meta name=\"twitter:description\" content=\"Montebello Packaging aide d&#039;autres entreprises \u00e0 concevoir et fabriquer des solutions personnalis\u00e9es et durables dans le monde de l&#039;emballage.\" \/>\n<meta name=\"twitter:image\" content=\"https:\/\/www.montebellopkg.com\/wp-content\/uploads\/2021\/09\/thisisengineering-raeng-8hgmG03spF4-unsplash.jpg\" \/>\n<meta name=\"twitter:label1\" content=\"Dur\u00e9e de lecture estim\u00e9e\" \/>\n\t<meta name=\"twitter:data1\" content=\"2 minutes\" \/>\n<script type=\"application\/ld+json\" class=\"yoast-schema-graph\">{\"@context\":\"https:\/\/schema.org\",\"@graph\":[{\"@type\":\"WebPage\",\"@id\":\"https:\/\/www.montebellopkg.com\/fr\/ingenierie\/\",\"url\":\"https:\/\/www.montebellopkg.com\/fr\/ingenierie\/\",\"name\":\"Ing\u00e9nierie - Montebello Packaging\",\"isPartOf\":{\"@id\":\"https:\/\/www.montebellopkg.com\/fr\/#website\"},\"primaryImageOfPage\":{\"@id\":\"https:\/\/www.montebellopkg.com\/fr\/ingenierie\/#primaryimage\"},\"image\":{\"@id\":\"https:\/\/www.montebellopkg.com\/fr\/ingenierie\/#primaryimage\"},\"thumbnailUrl\":\"https:\/\/www.montebellopkg.com\/wp-content\/uploads\/2024\/02\/02-Women-Computer-1024x868.png\",\"datePublished\":\"2021-09-01T16:49:00+00:00\",\"dateModified\":\"2024-02-15T18:47:55+00:00\",\"description\":\"Montebello Packaging aide d'autres entreprises \u00e0 concevoir et fabriquer des solutions personnalis\u00e9es et durables dans le monde de l'emballage.\",\"breadcrumb\":{\"@id\":\"https:\/\/www.montebellopkg.com\/fr\/ingenierie\/#breadcrumb\"},\"inLanguage\":\"fr-FR\",\"potentialAction\":[{\"@type\":\"ReadAction\",\"target\":[\"https:\/\/www.montebellopkg.com\/fr\/ingenierie\/\"]}]},{\"@type\":\"ImageObject\",\"inLanguage\":\"fr-FR\",\"@id\":\"https:\/\/www.montebellopkg.com\/fr\/ingenierie\/#primaryimage\",\"url\":\"https:\/\/www.montebellopkg.com\/wp-content\/uploads\/2024\/02\/02-Women-Computer-1024x868.png\",\"contentUrl\":\"https:\/\/www.montebellopkg.com\/wp-content\/uploads\/2024\/02\/02-Women-Computer-1024x868.png\"},{\"@type\":\"BreadcrumbList\",\"@id\":\"https:\/\/www.montebellopkg.com\/fr\/ingenierie\/#breadcrumb\",\"itemListElement\":[{\"@type\":\"ListItem\",\"position\":1,\"name\":\"Home\",\"item\":\"https:\/\/www.montebellopkg.com\/fr\/\"},{\"@type\":\"ListItem\",\"position\":2,\"name\":\"Ing\u00e9nierie\"}]},{\"@type\":\"WebSite\",\"@id\":\"https:\/\/www.montebellopkg.com\/fr\/#website\",\"url\":\"https:\/\/www.montebellopkg.com\/fr\/\",\"name\":\"Montebello Packaging\",\"description\":\"\",\"publisher\":{\"@id\":\"https:\/\/www.montebellopkg.com\/fr\/#organization\"},\"potentialAction\":[{\"@type\":\"SearchAction\",\"target\":{\"@type\":\"EntryPoint\",\"urlTemplate\":\"https:\/\/www.montebellopkg.com\/fr\/?s={search_term_string}\"},\"query-input\":{\"@type\":\"PropertyValueSpecification\",\"valueRequired\":true,\"valueName\":\"search_term_string\"}}],\"inLanguage\":\"fr-FR\"},{\"@type\":\"Organization\",\"@id\":\"https:\/\/www.montebellopkg.com\/fr\/#organization\",\"name\":\"Montebello Packaging\",\"url\":\"https:\/\/www.montebellopkg.com\/fr\/\",\"logo\":{\"@type\":\"ImageObject\",\"inLanguage\":\"fr-FR\",\"@id\":\"https:\/\/www.montebellopkg.com\/fr\/#\/schema\/logo\/image\/\",\"url\":\"https:\/\/www.montebellopkg.com\/wp-content\/uploads\/2021\/06\/cropped-Montebello-Site-Assets-02.png\",\"contentUrl\":\"https:\/\/www.montebellopkg.com\/wp-content\/uploads\/2021\/06\/cropped-Montebello-Site-Assets-02.png\",\"width\":487,\"height\":119,\"caption\":\"Montebello Packaging\"},\"image\":{\"@id\":\"https:\/\/www.montebellopkg.com\/fr\/#\/schema\/logo\/image\/\"}}]}<\/script>\n<!-- \/ Yoast SEO plugin. -->","yoast_head_json":{"title":"Ing\u00e9nierie - Montebello Packaging","description":"Montebello Packaging aide d'autres entreprises \u00e0 concevoir et fabriquer des solutions personnalis\u00e9es et durables dans le monde de l'emballage.","robots":{"index":"index","follow":"follow","max-snippet":"max-snippet:-1","max-image-preview":"max-image-preview:large","max-video-preview":"max-video-preview:-1"},"canonical":"https:\/\/www.montebellopkg.com\/fr\/ingenierie\/","og_locale":"fr_FR","og_type":"article","og_title":"Emballages Montebello - Ing\u00e9nierie","og_description":"Montebello Packaging aide d'autres entreprises \u00e0 concevoir et fabriquer des solutions personnalis\u00e9es et durables dans le monde de l'emballage.","og_url":"https:\/\/www.montebellopkg.com\/fr\/ingenierie\/","og_site_name":"Montebello Packaging","article_modified_time":"2024-02-15T18:47:55+00:00","og_image":[{"url":"https:\/\/www.montebellopkg.com\/wp-content\/uploads\/2021\/09\/Montebello-Site-Assets-36.png","type":"","width":"","height":""}],"twitter_card":"summary_large_image","twitter_title":"Emballages Montebello - Ing\u00e9nierie","twitter_description":"Montebello Packaging aide d'autres entreprises \u00e0 concevoir et fabriquer des solutions personnalis\u00e9es et durables dans le monde de l'emballage.","twitter_image":"https:\/\/www.montebellopkg.com\/wp-content\/uploads\/2021\/09\/thisisengineering-raeng-8hgmG03spF4-unsplash.jpg","twitter_misc":{"Dur\u00e9e de lecture estim\u00e9e":"2 minutes"},"schema":{"@context":"https:\/\/schema.org","@graph":[{"@type":"WebPage","@id":"https:\/\/www.montebellopkg.com\/fr\/ingenierie\/","url":"https:\/\/www.montebellopkg.com\/fr\/ingenierie\/","name":"Ing\u00e9nierie - Montebello Packaging","isPartOf":{"@id":"https:\/\/www.montebellopkg.com\/fr\/#website"},"primaryImageOfPage":{"@id":"https:\/\/www.montebellopkg.com\/fr\/ingenierie\/#primaryimage"},"image":{"@id":"https:\/\/www.montebellopkg.com\/fr\/ingenierie\/#primaryimage"},"thumbnailUrl":"https:\/\/www.montebellopkg.com\/wp-content\/uploads\/2024\/02\/02-Women-Computer-1024x868.png","datePublished":"2021-09-01T16:49:00+00:00","dateModified":"2024-02-15T18:47:55+00:00","description":"Montebello Packaging aide d'autres entreprises \u00e0 concevoir et fabriquer des solutions personnalis\u00e9es et durables dans le monde de l'emballage.","breadcrumb":{"@id":"https:\/\/www.montebellopkg.com\/fr\/ingenierie\/#breadcrumb"},"inLanguage":"fr-FR","potentialAction":[{"@type":"ReadAction","target":["https:\/\/www.montebellopkg.com\/fr\/ingenierie\/"]}]},{"@type":"ImageObject","inLanguage":"fr-FR","@id":"https:\/\/www.montebellopkg.com\/fr\/ingenierie\/#primaryimage","url":"https:\/\/www.montebellopkg.com\/wp-content\/uploads\/2024\/02\/02-Women-Computer-1024x868.png","contentUrl":"https:\/\/www.montebellopkg.com\/wp-content\/uploads\/2024\/02\/02-Women-Computer-1024x868.png"},{"@type":"BreadcrumbList","@id":"https:\/\/www.montebellopkg.com\/fr\/ingenierie\/#breadcrumb","itemListElement":[{"@type":"ListItem","position":1,"name":"Home","item":"https:\/\/www.montebellopkg.com\/fr\/"},{"@type":"ListItem","position":2,"name":"Ing\u00e9nierie"}]},{"@type":"WebSite","@id":"https:\/\/www.montebellopkg.com\/fr\/#website","url":"https:\/\/www.montebellopkg.com\/fr\/","name":"Montebello Packaging","description":"","publisher":{"@id":"https:\/\/www.montebellopkg.com\/fr\/#organization"},"potentialAction":[{"@type":"SearchAction","target":{"@type":"EntryPoint","urlTemplate":"https:\/\/www.montebellopkg.com\/fr\/?s={search_term_string}"},"query-input":{"@type":"PropertyValueSpecification","valueRequired":true,"valueName":"search_term_string"}}],"inLanguage":"fr-FR"},{"@type":"Organization","@id":"https:\/\/www.montebellopkg.com\/fr\/#organization","name":"Montebello Packaging","url":"https:\/\/www.montebellopkg.com\/fr\/","logo":{"@type":"ImageObject","inLanguage":"fr-FR","@id":"https:\/\/www.montebellopkg.com\/fr\/#\/schema\/logo\/image\/","url":"https:\/\/www.montebellopkg.com\/wp-content\/uploads\/2021\/06\/cropped-Montebello-Site-Assets-02.png","contentUrl":"https:\/\/www.montebellopkg.com\/wp-content\/uploads\/2021\/06\/cropped-Montebello-Site-Assets-02.png","width":487,"height":119,"caption":"Montebello Packaging"},"image":{"@id":"https:\/\/www.montebellopkg.com\/fr\/#\/schema\/logo\/image\/"}}]}},"_links":{"self":[{"href":"https:\/\/www.montebellopkg.com\/fr\/wp-json\/wp\/v2\/pages\/5718","targetHints":{"allow":["GET"]}}],"collection":[{"href":"https:\/\/www.montebellopkg.com\/fr\/wp-json\/wp\/v2\/pages"}],"about":[{"href":"https:\/\/www.montebellopkg.com\/fr\/wp-json\/wp\/v2\/types\/page"}],"author":[{"embeddable":true,"href":"https:\/\/www.montebellopkg.com\/fr\/wp-json\/wp\/v2\/users\/2"}],"replies":[{"embeddable":true,"href":"https:\/\/www.montebellopkg.com\/fr\/wp-json\/wp\/v2\/comments?post=5718"}],"version-history":[{"count":0,"href":"https:\/\/www.montebellopkg.com\/fr\/wp-json\/wp\/v2\/pages\/5718\/revisions"}],"wp:attachment":[{"href":"https:\/\/www.montebellopkg.com\/fr\/wp-json\/wp\/v2\/media?parent=5718"}],"curies":[{"name":"wp","href":"https:\/\/api.w.org\/{rel}","templated":true}]}}