{"id":5725,"date":"2022-01-11T20:44:24","date_gmt":"2022-01-11T20:44:24","guid":{"rendered":"https:\/\/www.montebellopkg.com\/magasin-de-tubes\/"},"modified":"2022-03-22T14:22:12","modified_gmt":"2022-03-22T14:22:12","slug":"magasin-de-tubes","status":"publish","type":"page","link":"https:\/\/www.montebellopkg.com\/fr\/magasin-de-tubes\/","title":{"rendered":"Magasin de tubes"},"content":{"rendered":"\t\t<div data-elementor-type=\"wp-page\" data-elementor-id=\"5725\" class=\"elementor elementor-5725 elementor-4991\">\n\t\t\t\t\t\t<section class=\"elementor-section elementor-top-section elementor-element elementor-element-b5006a1 elementor-section-height-min-height elementor-section-boxed elementor-section-height-default elementor-section-items-middle\" data-id=\"b5006a1\" data-element_type=\"section\" data-settings=\"{&quot;background_background&quot;:&quot;classic&quot;}\">\n\t\t\t\t\t\t\t<div class=\"elementor-background-overlay\"><\/div>\n\t\t\t\t\t\t\t<div class=\"elementor-container elementor-column-gap-default\">\n\t\t\t\t\t<div class=\"elementor-column elementor-col-100 elementor-top-column elementor-element elementor-element-4cc9e77\" data-id=\"4cc9e77\" data-element_type=\"column\">\n\t\t\t<div class=\"elementor-widget-wrap elementor-element-populated\">\n\t\t\t\t\t\t<div class=\"elementor-element elementor-element-e54e983 elementor-widget elementor-widget-heading\" data-id=\"e54e983\" data-element_type=\"widget\" data-widget_type=\"heading.default\">\n\t\t\t\t<div class=\"elementor-widget-container\">\n\t\t\t<h2 class=\"elementor-heading-title elementor-size-default\"><b>Notre magasin de tubes<\/b><\/h2>\t\t<\/div>\n\t\t\t\t<\/div>\n\t\t\t\t\t<\/div>\n\t\t<\/div>\n\t\t\t\t\t<\/div>\n\t\t<\/section>\n\t\t\t\t<section class=\"elementor-section elementor-top-section elementor-element elementor-element-56d8b4a elementor-section-height-min-height elementor-section-boxed elementor-section-height-default elementor-section-items-middle\" data-id=\"56d8b4a\" data-element_type=\"section\">\n\t\t\t\t\t\t<div class=\"elementor-container elementor-column-gap-default\">\n\t\t\t\t\t<div class=\"elementor-column elementor-col-50 elementor-top-column elementor-element elementor-element-eaeefd3\" data-id=\"eaeefd3\" data-element_type=\"column\">\n\t\t\t<div class=\"elementor-widget-wrap elementor-element-populated\">\n\t\t\t\t\t\t<div class=\"elementor-element elementor-element-6e8411a elementor-widget elementor-widget-heading\" data-id=\"6e8411a\" data-element_type=\"widget\" data-widget_type=\"heading.default\">\n\t\t\t\t<div class=\"elementor-widget-container\">\n\t\t\t<h2 class=\"elementor-heading-title elementor-size-default\">Aluminium &amp; <br><b> Tubes stratifi\u00e9s<\/b><\/br><\/h2>\t\t<\/div>\n\t\t\t\t<\/div>\n\t\t\t\t<div class=\"elementor-element elementor-element-1be4879 elementor-icon-list--layout-traditional elementor-list-item-link-full_width elementor-widget elementor-widget-icon-list\" data-id=\"1be4879\" data-element_type=\"widget\" data-widget_type=\"icon-list.default\">\n\t\t\t\t<div class=\"elementor-widget-container\">\n\t\t\t\t\t<ul class=\"elementor-icon-list-items\">\n\t\t\t\t\t\t\t<li class=\"elementor-icon-list-item\">\n\t\t\t\t\t\t\t\t\t\t\t<span class=\"elementor-icon-list-icon\">\n\t\t\t\t\t\t\t<i aria-hidden=\"true\" class=\"fas fa-check-circle\"><\/i>\t\t\t\t\t\t<\/span>\n\t\t\t\t\t\t\t\t\t\t<span class=\"elementor-icon-list-text\">Tubes vierges non imprim\u00e9s<\/span>\n\t\t\t\t\t\t\t\t\t<\/li>\n\t\t\t\t\t\t\t\t<li class=\"elementor-icon-list-item\">\n\t\t\t\t\t\t\t\t\t\t\t<span class=\"elementor-icon-list-icon\">\n\t\t\t\t\t\t\t<i aria-hidden=\"true\" class=\"fas fa-check-circle\"><\/i>\t\t\t\t\t\t<\/span>\n\t\t\t\t\t\t\t\t\t\t<span class=\"elementor-icon-list-text\">Tailles et mat\u00e9riaux standards<\/span>\n\t\t\t\t\t\t\t\t\t<\/li>\n\t\t\t\t\t\t\t\t<li class=\"elementor-icon-list-item\">\n\t\t\t\t\t\t\t\t\t\t\t<span class=\"elementor-icon-list-icon\">\n\t\t\t\t\t\t\t<i aria-hidden=\"true\" class=\"fas fa-check-circle\"><\/i>\t\t\t\t\t\t<\/span>\n\t\t\t\t\t\t\t\t\t\t<span class=\"elementor-icon-list-text\">Capacit\u00e9s sp\u00e9cifiques des tubes<\/span>\n\t\t\t\t\t\t\t\t\t<\/li>\n\t\t\t\t\t\t\t\t<li class=\"elementor-icon-list-item\">\n\t\t\t\t\t\t\t\t\t\t\t<span class=\"elementor-icon-list-icon\">\n\t\t\t\t\t\t\t<i aria-hidden=\"true\" class=\"fas fa-check-circle\"><\/i>\t\t\t\t\t\t<\/span>\n\t\t\t\t\t\t\t\t\t\t<span class=\"elementor-icon-list-text\">Bo\u00eetes pleines uniquement<\/span>\n\t\t\t\t\t\t\t\t\t<\/li>\n\t\t\t\t\t\t<\/ul>\n\t\t\t\t<\/div>\n\t\t\t\t<\/div>\n\t\t\t\t<div class=\"elementor-element elementor-element-b27e64e elementor-widget elementor-widget-text-editor\" data-id=\"b27e64e\" data-element_type=\"widget\" data-widget_type=\"text-editor.default\">\n\t\t\t\t<div class=\"elementor-widget-container\">\n\t\t\t\t\t\t\tParcourez notre d\u00e9pliant pour voir quels tubes nous avons en stock pour l&#8217;achat et la pr\u00e9commande.\t\t\t\t\t\t<\/div>\n\t\t\t\t<\/div>\n\t\t\t\t<div class=\"elementor-element elementor-element-680f35e elementor-align-left elementor-widget elementor-widget-button\" data-id=\"680f35e\" data-element_type=\"widget\" data-widget_type=\"button.default\">\n\t\t\t\t<div class=\"elementor-widget-container\">\n\t\t\t\t\t\t\t<div class=\"elementor-button-wrapper\">\n\t\t\t\t\t<a class=\"elementor-button elementor-button-link elementor-size-sm\" href=\"https:\/\/www.montebellopkg.com\/wp-content\/uploads\/2022\/01\/Tube-Store-stock-2021-1.xlsx\" target=\"_blank\">\n\t\t\t\t\t\t<span class=\"elementor-button-content-wrapper\">\n\t\t\t\t\t\t\t\t\t<span class=\"elementor-button-text\">Voir notre d\u00e9pliant<\/span>\n\t\t\t\t\t<\/span>\n\t\t\t\t\t<\/a>\n\t\t\t\t<\/div>\n\t\t\t\t\t\t<\/div>\n\t\t\t\t<\/div>\n\t\t\t\t\t<\/div>\n\t\t<\/div>\n\t\t\t\t<div class=\"elementor-column elementor-col-50 elementor-top-column elementor-element elementor-element-e565836\" data-id=\"e565836\" data-element_type=\"column\">\n\t\t\t<div class=\"elementor-widget-wrap elementor-element-populated\">\n\t\t\t\t\t\t<div class=\"elementor-element elementor-element-be9dfdc elementor-widget elementor-widget-image\" data-id=\"be9dfdc\" data-element_type=\"widget\" data-widget_type=\"image.default\">\n\t\t\t\t<div class=\"elementor-widget-container\">\n\t\t\t\t\t\t\t\t\t\t\t\t\t<img fetchpriority=\"high\" decoding=\"async\" width=\"1024\" height=\"1024\" src=\"https:\/\/www.montebellopkg.com\/wp-content\/uploads\/2022\/01\/Website-Asset-1024x1024.png\" class=\"attachment-large size-large wp-image-4999\" alt=\"\" srcset=\"https:\/\/www.montebellopkg.com\/wp-content\/uploads\/2022\/01\/Website-Asset-1024x1024.png 1024w, https:\/\/www.montebellopkg.com\/wp-content\/uploads\/2022\/01\/Website-Asset-300x300.png 300w, https:\/\/www.montebellopkg.com\/wp-content\/uploads\/2022\/01\/Website-Asset-150x150.png 150w, https:\/\/www.montebellopkg.com\/wp-content\/uploads\/2022\/01\/Website-Asset-768x768.png 768w, https:\/\/www.montebellopkg.com\/wp-content\/uploads\/2022\/01\/Website-Asset-600x600.png 600w, https:\/\/www.montebellopkg.com\/wp-content\/uploads\/2022\/01\/Website-Asset-100x100.png 100w, https:\/\/www.montebellopkg.com\/wp-content\/uploads\/2022\/01\/Website-Asset.png 1251w\" sizes=\"(max-width: 1024px) 100vw, 1024px\" \/>\t\t\t\t\t\t\t\t\t\t\t\t\t<\/div>\n\t\t\t\t<\/div>\n\t\t\t\t\t<\/div>\n\t\t<\/div>\n\t\t\t\t\t<\/div>\n\t\t<\/section>\n\t\t\t\t<section class=\"elementor-section elementor-top-section elementor-element elementor-element-8ab695e elementor-section-height-min-height elementor-reverse-mobile elementor-section-boxed elementor-section-height-default elementor-section-items-middle\" data-id=\"8ab695e\" data-element_type=\"section\" data-settings=\"{&quot;background_background&quot;:&quot;classic&quot;}\">\n\t\t\t\t\t\t<div class=\"elementor-container elementor-column-gap-default\">\n\t\t\t\t\t<div class=\"elementor-column elementor-col-50 elementor-top-column elementor-element elementor-element-812a639\" data-id=\"812a639\" data-element_type=\"column\">\n\t\t\t<div class=\"elementor-widget-wrap elementor-element-populated\">\n\t\t\t\t\t\t<div class=\"elementor-element elementor-element-4ef53f3 elementor-widget elementor-widget-image\" data-id=\"4ef53f3\" data-element_type=\"widget\" data-widget_type=\"image.default\">\n\t\t\t\t<div class=\"elementor-widget-container\">\n\t\t\t\t\t\t\t\t\t\t\t\t\t<img decoding=\"async\" width=\"1024\" height=\"1024\" src=\"https:\/\/www.montebellopkg.com\/wp-content\/uploads\/2022\/01\/WebAsset_Website-Asset-1024x1024.png\" class=\"attachment-large size-large wp-image-4998\" alt=\"\" srcset=\"https:\/\/www.montebellopkg.com\/wp-content\/uploads\/2022\/01\/WebAsset_Website-Asset-1024x1024.png 1024w, https:\/\/www.montebellopkg.com\/wp-content\/uploads\/2022\/01\/WebAsset_Website-Asset-300x300.png 300w, https:\/\/www.montebellopkg.com\/wp-content\/uploads\/2022\/01\/WebAsset_Website-Asset-150x150.png 150w, https:\/\/www.montebellopkg.com\/wp-content\/uploads\/2022\/01\/WebAsset_Website-Asset-768x768.png 768w, https:\/\/www.montebellopkg.com\/wp-content\/uploads\/2022\/01\/WebAsset_Website-Asset-600x600.png 600w, https:\/\/www.montebellopkg.com\/wp-content\/uploads\/2022\/01\/WebAsset_Website-Asset-100x100.png 100w, https:\/\/www.montebellopkg.com\/wp-content\/uploads\/2022\/01\/WebAsset_Website-Asset.png 1251w\" sizes=\"(max-width: 1024px) 100vw, 1024px\" \/>\t\t\t\t\t\t\t\t\t\t\t\t\t<\/div>\n\t\t\t\t<\/div>\n\t\t\t\t\t<\/div>\n\t\t<\/div>\n\t\t\t\t<div class=\"elementor-column elementor-col-50 elementor-top-column elementor-element elementor-element-edf95e4\" data-id=\"edf95e4\" data-element_type=\"column\">\n\t\t\t<div class=\"elementor-widget-wrap elementor-element-populated\">\n\t\t\t\t\t\t<div class=\"elementor-element elementor-element-fd3da55 elementor-widget elementor-widget-text-editor\" data-id=\"fd3da55\" data-element_type=\"widget\" data-widget_type=\"text-editor.default\">\n\t\t\t\t<div class=\"elementor-widget-container\">\n\t\t\t\t\t\t\t<strong>Contactez pour plus d&#8217;informations:<\/strong>\t\t\t\t\t\t<\/div>\n\t\t\t\t<\/div>\n\t\t\t\t<div class=\"elementor-element elementor-element-7172534 elementor-widget elementor-widget-text-editor\" data-id=\"7172534\" data-element_type=\"widget\" data-widget_type=\"text-editor.default\">\n\t\t\t\t<div class=\"elementor-widget-container\">\n\t\t\t\t\t\t\tAvez-vous des questions? Contactez-nous aujourd&#8217;hui et nous vous r\u00e9pondrons sous peu!\t\t\t\t\t\t<\/div>\n\t\t\t\t<\/div>\n\t\t\t\t<div class=\"elementor-element elementor-element-4cc20ff elementor-icon-list--layout-traditional elementor-list-item-link-full_width elementor-widget elementor-widget-icon-list\" data-id=\"4cc20ff\" data-element_type=\"widget\" data-widget_type=\"icon-list.default\">\n\t\t\t\t<div class=\"elementor-widget-container\">\n\t\t\t\t\t<ul class=\"elementor-icon-list-items\">\n\t\t\t\t\t\t\t<li class=\"elementor-icon-list-item\">\n\t\t\t\t\t\t\t\t\t\t\t<span class=\"elementor-icon-list-icon\">\n\t\t\t\t\t\t\t<i aria-hidden=\"true\" class=\"fas fa-user\"><\/i>\t\t\t\t\t\t<\/span>\n\t\t\t\t\t\t\t\t\t\t<span class=\"elementor-icon-list-text\">Kenya Reyes<\/span>\n\t\t\t\t\t\t\t\t\t<\/li>\n\t\t\t\t\t\t\t\t<li class=\"elementor-icon-list-item\">\n\t\t\t\t\t\t\t\t\t\t\t<span class=\"elementor-icon-list-icon\">\n\t\t\t\t\t\t\t<i aria-hidden=\"true\" class=\"fas fa-envelope\"><\/i>\t\t\t\t\t\t<\/span>\n\t\t\t\t\t\t\t\t\t\t<span class=\"elementor-icon-list-text\">kenyareyes@montebellopkg.com<\/span>\n\t\t\t\t\t\t\t\t\t<\/li>\n\t\t\t\t\t\t\t\t<li class=\"elementor-icon-list-item\">\n\t\t\t\t\t\t\t\t\t\t\t<span class=\"elementor-icon-list-icon\">\n\t\t\t\t\t\t\t<i aria-hidden=\"true\" class=\"fas fa-phone\"><\/i>\t\t\t\t\t\t<\/span>\n\t\t\t\t\t\t\t\t\t\t<span class=\"elementor-icon-list-text\">1 270 692 5760 poste 3215<\/span>\n\t\t\t\t\t\t\t\t\t<\/li>\n\t\t\t\t\t\t<\/ul>\n\t\t\t\t<\/div>\n\t\t\t\t<\/div>\n\t\t\t\t\t<\/div>\n\t\t<\/div>\n\t\t\t\t\t<\/div>\n\t\t<\/section>\n\t\t\t\t<\/div>\n\t\t","protected":false},"excerpt":{"rendered":"<p>Notre magasin de tubes Aluminium &amp; Tubes stratifi\u00e9s Tubes vierges non imprim\u00e9s Tailles et mat\u00e9riaux standards Capacit\u00e9s sp\u00e9cifiques des tubes Bo\u00eetes pleines uniquement Parcourez notre d\u00e9pliant pour voir quels tubes nous avons en stock pour l&#8217;achat et la pr\u00e9commande. Voir notre d\u00e9pliant Contactez pour plus d&#8217;informations:Avez-vous des questions? Contactez-nous aujourd&#8217;hui et nous vous r\u00e9pondrons sous [&hellip;]<\/p>\n","protected":false},"author":7,"featured_media":0,"parent":0,"menu_order":0,"comment_status":"closed","ping_status":"closed","template":"elementor_header_footer","meta":{"site-sidebar-layout":"no-sidebar","site-content-layout":"page-builder","ast-site-content-layout":"","site-content-style":"default","site-sidebar-style":"default","ast-global-header-display":"","ast-banner-title-visibility":"","ast-main-header-display":"","ast-hfb-above-header-display":"","ast-hfb-below-header-display":"","ast-hfb-mobile-header-display":"","site-post-title":"disabled","ast-breadcrumbs-content":"","ast-featured-img":"disabled","footer-sml-layout":"","theme-transparent-header-meta":"","adv-header-id-meta":"","stick-header-meta":"","header-above-stick-meta":"","header-main-stick-meta":"","header-below-stick-meta":"","astra-migrate-meta-layouts":"default","ast-page-background-enabled":"default","ast-page-background-meta":{"desktop":{"background-color":"","background-image":"","background-repeat":"repeat","background-position":"center center","background-size":"auto","background-attachment":"scroll","background-type":"","background-media":"","overlay-type":"","overlay-color":"","overlay-gradient":""},"tablet":{"background-color":"","background-image":"","background-repeat":"repeat","background-position":"center center","background-size":"auto","background-attachment":"scroll","background-type":"","background-media":"","overlay-type":"","overlay-color":"","overlay-gradient":""},"mobile":{"background-color":"","background-image":"","background-repeat":"repeat","background-position":"center center","background-size":"auto","background-attachment":"scroll","background-type":"","background-media":"","overlay-type":"","overlay-color":"","overlay-gradient":""}},"ast-content-background-meta":{"desktop":{"background-color":"var(--ast-global-color-5)","background-image":"","background-repeat":"repeat","background-position":"center center","background-size":"auto","background-attachment":"scroll","background-type":"","background-media":"","overlay-type":"","overlay-color":"","overlay-gradient":""},"tablet":{"background-color":"var(--ast-global-color-5)","background-image":"","background-repeat":"repeat","background-position":"center center","background-size":"auto","background-attachment":"scroll","background-type":"","background-media":"","overlay-type":"","overlay-color":"","overlay-gradient":""},"mobile":{"background-color":"var(--ast-global-color-5)","background-image":"","background-repeat":"repeat","background-position":"center center","background-size":"auto","background-attachment":"scroll","background-type":"","background-media":"","overlay-type":"","overlay-color":"","overlay-gradient":""}},"footnotes":""},"class_list":["post-5725","page","type-page","status-publish","hentry"],"yoast_head":"<!-- This site is optimized with the Yoast SEO plugin v24.6 - https:\/\/yoast.com\/wordpress\/plugins\/seo\/ -->\n<title>Magasin de tubes - Montebello Packaging<\/title>\n<meta name=\"robots\" content=\"index, follow, max-snippet:-1, max-image-preview:large, max-video-preview:-1\" \/>\n<link rel=\"canonical\" href=\"https:\/\/www.montebellopkg.com\/fr\/magasin-de-tubes\/\" \/>\n<meta property=\"og:locale\" content=\"fr_FR\" \/>\n<meta property=\"og:type\" content=\"article\" \/>\n<meta property=\"og:title\" content=\"Magasin de tubes - Montebello Packaging\" \/>\n<meta property=\"og:description\" content=\"Notre magasin de tubes Aluminium &amp; Tubes stratifi\u00e9s Tubes vierges non imprim\u00e9s Tailles et mat\u00e9riaux standards Capacit\u00e9s sp\u00e9cifiques des tubes Bo\u00eetes pleines uniquement Parcourez notre d\u00e9pliant pour voir quels tubes nous avons en stock pour l&#8217;achat et la pr\u00e9commande. Voir notre d\u00e9pliant Contactez pour plus d&#8217;informations:Avez-vous des questions? Contactez-nous aujourd&#8217;hui et nous vous r\u00e9pondrons sous [&hellip;]\" \/>\n<meta property=\"og:url\" content=\"https:\/\/www.montebellopkg.com\/fr\/magasin-de-tubes\/\" \/>\n<meta property=\"og:site_name\" content=\"Montebello Packaging\" \/>\n<meta property=\"article:modified_time\" content=\"2022-03-22T14:22:12+00:00\" \/>\n<meta property=\"og:image\" content=\"https:\/\/www.montebellopkg.com\/wp-content\/uploads\/2022\/01\/Website-Asset-1024x1024.png\" \/>\n<meta name=\"twitter:card\" content=\"summary_large_image\" \/>\n<script type=\"application\/ld+json\" class=\"yoast-schema-graph\">{\"@context\":\"https:\/\/schema.org\",\"@graph\":[{\"@type\":\"WebPage\",\"@id\":\"https:\/\/www.montebellopkg.com\/fr\/magasin-de-tubes\/\",\"url\":\"https:\/\/www.montebellopkg.com\/fr\/magasin-de-tubes\/\",\"name\":\"Magasin de tubes - Montebello Packaging\",\"isPartOf\":{\"@id\":\"https:\/\/www.montebellopkg.com\/fr\/#website\"},\"primaryImageOfPage\":{\"@id\":\"https:\/\/www.montebellopkg.com\/fr\/magasin-de-tubes\/#primaryimage\"},\"image\":{\"@id\":\"https:\/\/www.montebellopkg.com\/fr\/magasin-de-tubes\/#primaryimage\"},\"thumbnailUrl\":\"https:\/\/www.montebellopkg.com\/wp-content\/uploads\/2022\/01\/Website-Asset-1024x1024.png\",\"datePublished\":\"2022-01-11T20:44:24+00:00\",\"dateModified\":\"2022-03-22T14:22:12+00:00\",\"breadcrumb\":{\"@id\":\"https:\/\/www.montebellopkg.com\/fr\/magasin-de-tubes\/#breadcrumb\"},\"inLanguage\":\"fr-FR\",\"potentialAction\":[{\"@type\":\"ReadAction\",\"target\":[\"https:\/\/www.montebellopkg.com\/fr\/magasin-de-tubes\/\"]}]},{\"@type\":\"ImageObject\",\"inLanguage\":\"fr-FR\",\"@id\":\"https:\/\/www.montebellopkg.com\/fr\/magasin-de-tubes\/#primaryimage\",\"url\":\"https:\/\/www.montebellopkg.com\/wp-content\/uploads\/2022\/01\/Website-Asset-1024x1024.png\",\"contentUrl\":\"https:\/\/www.montebellopkg.com\/wp-content\/uploads\/2022\/01\/Website-Asset-1024x1024.png\"},{\"@type\":\"BreadcrumbList\",\"@id\":\"https:\/\/www.montebellopkg.com\/fr\/magasin-de-tubes\/#breadcrumb\",\"itemListElement\":[{\"@type\":\"ListItem\",\"position\":1,\"name\":\"Home\",\"item\":\"https:\/\/www.montebellopkg.com\/fr\/\"},{\"@type\":\"ListItem\",\"position\":2,\"name\":\"Magasin de tubes\"}]},{\"@type\":\"WebSite\",\"@id\":\"https:\/\/www.montebellopkg.com\/fr\/#website\",\"url\":\"https:\/\/www.montebellopkg.com\/fr\/\",\"name\":\"Montebello Packaging\",\"description\":\"\",\"publisher\":{\"@id\":\"https:\/\/www.montebellopkg.com\/fr\/#organization\"},\"potentialAction\":[{\"@type\":\"SearchAction\",\"target\":{\"@type\":\"EntryPoint\",\"urlTemplate\":\"https:\/\/www.montebellopkg.com\/fr\/?s={search_term_string}\"},\"query-input\":{\"@type\":\"PropertyValueSpecification\",\"valueRequired\":true,\"valueName\":\"search_term_string\"}}],\"inLanguage\":\"fr-FR\"},{\"@type\":\"Organization\",\"@id\":\"https:\/\/www.montebellopkg.com\/fr\/#organization\",\"name\":\"Montebello Packaging\",\"url\":\"https:\/\/www.montebellopkg.com\/fr\/\",\"logo\":{\"@type\":\"ImageObject\",\"inLanguage\":\"fr-FR\",\"@id\":\"https:\/\/www.montebellopkg.com\/fr\/#\/schema\/logo\/image\/\",\"url\":\"https:\/\/www.montebellopkg.com\/wp-content\/uploads\/2021\/06\/cropped-Montebello-Site-Assets-02.png\",\"contentUrl\":\"https:\/\/www.montebellopkg.com\/wp-content\/uploads\/2021\/06\/cropped-Montebello-Site-Assets-02.png\",\"width\":487,\"height\":119,\"caption\":\"Montebello Packaging\"},\"image\":{\"@id\":\"https:\/\/www.montebellopkg.com\/fr\/#\/schema\/logo\/image\/\"}}]}<\/script>\n<!-- \/ Yoast SEO plugin. -->","yoast_head_json":{"title":"Magasin de tubes - Montebello Packaging","robots":{"index":"index","follow":"follow","max-snippet":"max-snippet:-1","max-image-preview":"max-image-preview:large","max-video-preview":"max-video-preview:-1"},"canonical":"https:\/\/www.montebellopkg.com\/fr\/magasin-de-tubes\/","og_locale":"fr_FR","og_type":"article","og_title":"Magasin de tubes - Montebello Packaging","og_description":"Notre magasin de tubes Aluminium &amp; Tubes stratifi\u00e9s Tubes vierges non imprim\u00e9s Tailles et mat\u00e9riaux standards Capacit\u00e9s sp\u00e9cifiques des tubes Bo\u00eetes pleines uniquement Parcourez notre d\u00e9pliant pour voir quels tubes nous avons en stock pour l&#8217;achat et la pr\u00e9commande. Voir notre d\u00e9pliant Contactez pour plus d&#8217;informations:Avez-vous des questions? Contactez-nous aujourd&#8217;hui et nous vous r\u00e9pondrons sous [&hellip;]","og_url":"https:\/\/www.montebellopkg.com\/fr\/magasin-de-tubes\/","og_site_name":"Montebello Packaging","article_modified_time":"2022-03-22T14:22:12+00:00","og_image":[{"url":"https:\/\/www.montebellopkg.com\/wp-content\/uploads\/2022\/01\/Website-Asset-1024x1024.png","type":"","width":"","height":""}],"twitter_card":"summary_large_image","schema":{"@context":"https:\/\/schema.org","@graph":[{"@type":"WebPage","@id":"https:\/\/www.montebellopkg.com\/fr\/magasin-de-tubes\/","url":"https:\/\/www.montebellopkg.com\/fr\/magasin-de-tubes\/","name":"Magasin de tubes - Montebello Packaging","isPartOf":{"@id":"https:\/\/www.montebellopkg.com\/fr\/#website"},"primaryImageOfPage":{"@id":"https:\/\/www.montebellopkg.com\/fr\/magasin-de-tubes\/#primaryimage"},"image":{"@id":"https:\/\/www.montebellopkg.com\/fr\/magasin-de-tubes\/#primaryimage"},"thumbnailUrl":"https:\/\/www.montebellopkg.com\/wp-content\/uploads\/2022\/01\/Website-Asset-1024x1024.png","datePublished":"2022-01-11T20:44:24+00:00","dateModified":"2022-03-22T14:22:12+00:00","breadcrumb":{"@id":"https:\/\/www.montebellopkg.com\/fr\/magasin-de-tubes\/#breadcrumb"},"inLanguage":"fr-FR","potentialAction":[{"@type":"ReadAction","target":["https:\/\/www.montebellopkg.com\/fr\/magasin-de-tubes\/"]}]},{"@type":"ImageObject","inLanguage":"fr-FR","@id":"https:\/\/www.montebellopkg.com\/fr\/magasin-de-tubes\/#primaryimage","url":"https:\/\/www.montebellopkg.com\/wp-content\/uploads\/2022\/01\/Website-Asset-1024x1024.png","contentUrl":"https:\/\/www.montebellopkg.com\/wp-content\/uploads\/2022\/01\/Website-Asset-1024x1024.png"},{"@type":"BreadcrumbList","@id":"https:\/\/www.montebellopkg.com\/fr\/magasin-de-tubes\/#breadcrumb","itemListElement":[{"@type":"ListItem","position":1,"name":"Home","item":"https:\/\/www.montebellopkg.com\/fr\/"},{"@type":"ListItem","position":2,"name":"Magasin de tubes"}]},{"@type":"WebSite","@id":"https:\/\/www.montebellopkg.com\/fr\/#website","url":"https:\/\/www.montebellopkg.com\/fr\/","name":"Montebello Packaging","description":"","publisher":{"@id":"https:\/\/www.montebellopkg.com\/fr\/#organization"},"potentialAction":[{"@type":"SearchAction","target":{"@type":"EntryPoint","urlTemplate":"https:\/\/www.montebellopkg.com\/fr\/?s={search_term_string}"},"query-input":{"@type":"PropertyValueSpecification","valueRequired":true,"valueName":"search_term_string"}}],"inLanguage":"fr-FR"},{"@type":"Organization","@id":"https:\/\/www.montebellopkg.com\/fr\/#organization","name":"Montebello Packaging","url":"https:\/\/www.montebellopkg.com\/fr\/","logo":{"@type":"ImageObject","inLanguage":"fr-FR","@id":"https:\/\/www.montebellopkg.com\/fr\/#\/schema\/logo\/image\/","url":"https:\/\/www.montebellopkg.com\/wp-content\/uploads\/2021\/06\/cropped-Montebello-Site-Assets-02.png","contentUrl":"https:\/\/www.montebellopkg.com\/wp-content\/uploads\/2021\/06\/cropped-Montebello-Site-Assets-02.png","width":487,"height":119,"caption":"Montebello Packaging"},"image":{"@id":"https:\/\/www.montebellopkg.com\/fr\/#\/schema\/logo\/image\/"}}]}},"_links":{"self":[{"href":"https:\/\/www.montebellopkg.com\/fr\/wp-json\/wp\/v2\/pages\/5725","targetHints":{"allow":["GET"]}}],"collection":[{"href":"https:\/\/www.montebellopkg.com\/fr\/wp-json\/wp\/v2\/pages"}],"about":[{"href":"https:\/\/www.montebellopkg.com\/fr\/wp-json\/wp\/v2\/types\/page"}],"author":[{"embeddable":true,"href":"https:\/\/www.montebellopkg.com\/fr\/wp-json\/wp\/v2\/users\/7"}],"replies":[{"embeddable":true,"href":"https:\/\/www.montebellopkg.com\/fr\/wp-json\/wp\/v2\/comments?post=5725"}],"version-history":[{"count":0,"href":"https:\/\/www.montebellopkg.com\/fr\/wp-json\/wp\/v2\/pages\/5725\/revisions"}],"wp:attachment":[{"href":"https:\/\/www.montebellopkg.com\/fr\/wp-json\/wp\/v2\/media?parent=5725"}],"curies":[{"name":"wp","href":"https:\/\/api.w.org\/{rel}","templated":true}]}}