{"id":5735,"date":"2021-09-22T14:25:32","date_gmt":"2021-09-22T18:25:32","guid":{"rendered":"https:\/\/www.montebellopkg.com\/evenements-spectacles\/"},"modified":"2024-02-28T20:38:11","modified_gmt":"2024-02-28T20:38:11","slug":"evenements-spectacles","status":"publish","type":"page","link":"https:\/\/www.montebellopkg.com\/fr\/evenements-spectacles\/","title":{"rendered":"\u00c9v\u00e9nements &amp; Spectacles"},"content":{"rendered":"\t\t<div data-elementor-type=\"wp-page\" data-elementor-id=\"5735\" class=\"elementor elementor-5735 elementor-4626\">\n\t\t\t\t\t\t<section class=\"elementor-section elementor-top-section elementor-element elementor-element-cf11f2b elementor-section-height-min-height elementor-section-boxed elementor-section-height-default elementor-section-items-middle\" data-id=\"cf11f2b\" data-element_type=\"section\" data-settings=\"{&quot;background_background&quot;:&quot;classic&quot;}\">\n\t\t\t\t\t\t\t<div class=\"elementor-background-overlay\"><\/div>\n\t\t\t\t\t\t\t<div class=\"elementor-container elementor-column-gap-default\">\n\t\t\t\t\t<div class=\"elementor-column elementor-col-100 elementor-top-column elementor-element elementor-element-2c850e0\" data-id=\"2c850e0\" data-element_type=\"column\">\n\t\t\t<div class=\"elementor-widget-wrap elementor-element-populated\">\n\t\t\t\t\t\t<div class=\"elementor-element elementor-element-b8d072b elementor-widget elementor-widget-heading\" data-id=\"b8d072b\" data-element_type=\"widget\" data-widget_type=\"heading.default\">\n\t\t\t\t<div class=\"elementor-widget-container\">\n\t\t\t<h2 class=\"elementor-heading-title elementor-size-default\">\u00c9v\u00e9nements &amp; Salons<\/h2>\t\t<\/div>\n\t\t\t\t<\/div>\n\t\t\t\t\t<\/div>\n\t\t<\/div>\n\t\t\t\t\t<\/div>\n\t\t<\/section>\n\t\t\t\t<section class=\"elementor-section elementor-top-section elementor-element elementor-element-9ac2cd2 elementor-section-height-min-height elementor-section-boxed elementor-section-height-default elementor-section-items-middle\" data-id=\"9ac2cd2\" data-element_type=\"section\">\n\t\t\t\t\t\t<div class=\"elementor-container elementor-column-gap-default\">\n\t\t\t\t\t<div class=\"elementor-column elementor-col-50 elementor-top-column elementor-element elementor-element-3810679\" data-id=\"3810679\" data-element_type=\"column\">\n\t\t\t<div class=\"elementor-widget-wrap elementor-element-populated\">\n\t\t\t\t\t\t<div class=\"elementor-element elementor-element-ad6b421 elementor-widget elementor-widget-image\" data-id=\"ad6b421\" data-element_type=\"widget\" data-widget_type=\"image.default\">\n\t\t\t\t<div class=\"elementor-widget-container\">\n\t\t\t\t\t\t\t\t\t\t\t\t\t\t<a href=\"https:\/\/dcat.org\/dcatweek\/\" target=\"_blank\">\n\t\t\t\t\t\t\t<img decoding=\"async\" width=\"219\" height=\"60\" src=\"https:\/\/www.montebellopkg.com\/wp-content\/uploads\/2023\/11\/DCAT-logo-main.png\" class=\"attachment-large size-large wp-image-8928\" alt=\"\" \/>\t\t\t\t\t\t\t\t<\/a>\n\t\t\t\t\t\t\t\t\t\t\t\t\t<\/div>\n\t\t\t\t<\/div>\n\t\t\t\t\t<\/div>\n\t\t<\/div>\n\t\t\t\t<div class=\"elementor-column elementor-col-50 elementor-top-column elementor-element elementor-element-afec7e7\" data-id=\"afec7e7\" data-element_type=\"column\">\n\t\t\t<div class=\"elementor-widget-wrap elementor-element-populated\">\n\t\t\t\t\t\t<div class=\"elementor-element elementor-element-735d9ae elementor-widget elementor-widget-heading\" data-id=\"735d9ae\" data-element_type=\"widget\" data-widget_type=\"heading.default\">\n\t\t\t\t<div class=\"elementor-widget-container\">\n\t\t\t<h2 class=\"elementor-heading-title elementor-size-default\">Semaine DCAT<\/h2>\t\t<\/div>\n\t\t\t\t<\/div>\n\t\t\t\t<div class=\"elementor-element elementor-element-0fcbfba elementor-widget elementor-widget-heading\" data-id=\"0fcbfba\" data-element_type=\"widget\" data-widget_type=\"heading.default\">\n\t\t\t\t<div class=\"elementor-widget-container\">\n\t\t\t<h4 class=\"elementor-heading-title elementor-size-default\">18-21 mars 2024<\/h4>\t\t<\/div>\n\t\t\t\t<\/div>\n\t\t\t\t<div class=\"elementor-element elementor-element-b955f58 elementor-widget elementor-widget-text-editor\" data-id=\"b955f58\" data-element_type=\"widget\" data-widget_type=\"text-editor.default\">\n\t\t\t\t<div class=\"elementor-widget-container\">\n\t\t\t\t\t\t\t<p>New York, New York, \u00c9tats-Unis<\/p>\t\t\t\t\t\t<\/div>\n\t\t\t\t<\/div>\n\t\t\t\t<div class=\"elementor-element elementor-element-309ea30 elementor-align-left elementor-widget elementor-widget-button\" data-id=\"309ea30\" data-element_type=\"widget\" data-widget_type=\"button.default\">\n\t\t\t\t<div class=\"elementor-widget-container\">\n\t\t\t\t\t\t\t<div class=\"elementor-button-wrapper\">\n\t\t\t\t\t<a class=\"elementor-button elementor-button-link elementor-size-sm\" href=\"https:\/\/dcat.org\/dcatweek\/\">\n\t\t\t\t\t\t<span class=\"elementor-button-content-wrapper\">\n\t\t\t\t\t\t\t\t\t<span class=\"elementor-button-text\">En savoir plus<\/span>\n\t\t\t\t\t<\/span>\n\t\t\t\t\t<\/a>\n\t\t\t\t<\/div>\n\t\t\t\t\t\t<\/div>\n\t\t\t\t<\/div>\n\t\t\t\t\t<\/div>\n\t\t<\/div>\n\t\t\t\t\t<\/div>\n\t\t<\/section>\n\t\t\t\t<section class=\"elementor-section elementor-top-section elementor-element elementor-element-bc014ae elementor-section-height-min-height elementor-section-boxed elementor-section-height-default elementor-section-items-middle\" data-id=\"bc014ae\" data-element_type=\"section\">\n\t\t\t\t\t\t<div class=\"elementor-container elementor-column-gap-default\">\n\t\t\t\t\t<div class=\"elementor-column elementor-col-50 elementor-top-column elementor-element elementor-element-7a1c878\" data-id=\"7a1c878\" data-element_type=\"column\">\n\t\t\t<div class=\"elementor-widget-wrap elementor-element-populated\">\n\t\t\t\t\t\t<div class=\"elementor-element elementor-element-2f60879 elementor-widget elementor-widget-heading\" data-id=\"2f60879\" data-element_type=\"widget\" data-widget_type=\"heading.default\">\n\t\t\t\t<div class=\"elementor-widget-container\">\n\t\t\t<h2 class=\"elementor-heading-title elementor-size-default\">LUXE PACK New York<\/h2>\t\t<\/div>\n\t\t\t\t<\/div>\n\t\t\t\t<div class=\"elementor-element elementor-element-adbfcff elementor-widget elementor-widget-heading\" data-id=\"adbfcff\" data-element_type=\"widget\" data-widget_type=\"heading.default\">\n\t\t\t\t<div class=\"elementor-widget-container\">\n\t\t\t<h4 class=\"elementor-heading-title elementor-size-default\">8-9 mai 2024<\/h4>\t\t<\/div>\n\t\t\t\t<\/div>\n\t\t\t\t<div class=\"elementor-element elementor-element-37ff4b6 elementor-widget elementor-widget-text-editor\" data-id=\"37ff4b6\" data-element_type=\"widget\" data-widget_type=\"text-editor.default\">\n\t\t\t\t<div class=\"elementor-widget-container\">\n\t\t\t\t\t\t\t<p>Centre Javits<br \/>New York, New York, \u00c9tats-Unis<\/p>\t\t\t\t\t\t<\/div>\n\t\t\t\t<\/div>\n\t\t\t\t<div class=\"elementor-element elementor-element-b520aa5 elementor-align-left elementor-widget elementor-widget-button\" data-id=\"b520aa5\" data-element_type=\"widget\" data-widget_type=\"button.default\">\n\t\t\t\t<div class=\"elementor-widget-container\">\n\t\t\t\t\t\t\t<div class=\"elementor-button-wrapper\">\n\t\t\t\t\t<a class=\"elementor-button elementor-button-link elementor-size-sm\" href=\"https:\/\/www.luxepacknewyork.com\/\">\n\t\t\t\t\t\t<span class=\"elementor-button-content-wrapper\">\n\t\t\t\t\t\t\t\t\t<span class=\"elementor-button-text\">En savoir plus<\/span>\n\t\t\t\t\t<\/span>\n\t\t\t\t\t<\/a>\n\t\t\t\t<\/div>\n\t\t\t\t\t\t<\/div>\n\t\t\t\t<\/div>\n\t\t\t\t\t<\/div>\n\t\t<\/div>\n\t\t\t\t<div class=\"elementor-column elementor-col-50 elementor-top-column elementor-element elementor-element-212135c\" data-id=\"212135c\" data-element_type=\"column\">\n\t\t\t<div class=\"elementor-widget-wrap elementor-element-populated\">\n\t\t\t\t\t\t<div class=\"elementor-element elementor-element-9fec240 elementor-widget elementor-widget-image\" data-id=\"9fec240\" data-element_type=\"widget\" data-widget_type=\"image.default\">\n\t\t\t\t<div class=\"elementor-widget-container\">\n\t\t\t\t\t\t\t\t\t\t\t\t\t\t<a href=\"https:\/\/www.luxepacknewyork.com\/\" target=\"_blank\">\n\t\t\t\t\t\t\t<img decoding=\"async\" width=\"300\" height=\"114\" src=\"https:\/\/www.montebellopkg.com\/wp-content\/uploads\/2021\/09\/luxepack_logo-300x114-1.png\" class=\"attachment-large size-large wp-image-4630\" alt=\"LUXE PACK New York\" \/>\t\t\t\t\t\t\t\t<\/a>\n\t\t\t\t\t\t\t\t\t\t\t\t\t<\/div>\n\t\t\t\t<\/div>\n\t\t\t\t\t<\/div>\n\t\t<\/div>\n\t\t\t\t\t<\/div>\n\t\t<\/section>\n\t\t\t\t<section class=\"elementor-section elementor-top-section elementor-element elementor-element-3786a9f elementor-section-height-min-height elementor-section-boxed elementor-section-height-default elementor-section-items-middle\" data-id=\"3786a9f\" data-element_type=\"section\">\n\t\t\t\t\t\t<div class=\"elementor-container elementor-column-gap-default\">\n\t\t\t\t\t<div class=\"elementor-column elementor-col-50 elementor-top-column elementor-element elementor-element-4724e67\" data-id=\"4724e67\" data-element_type=\"column\">\n\t\t\t<div class=\"elementor-widget-wrap elementor-element-populated\">\n\t\t\t\t\t\t<div class=\"elementor-element elementor-element-0781f6e elementor-widget elementor-widget-image\" data-id=\"0781f6e\" data-element_type=\"widget\" data-widget_type=\"image.default\">\n\t\t\t\t<div class=\"elementor-widget-container\">\n\t\t\t\t\t\t\t\t\t\t\t\t\t\t<a href=\"https:\/\/cosmoprofnorthamerica.com\/las-vegas\/\" target=\"_blank\">\n\t\t\t\t\t\t\t<img decoding=\"async\" width=\"342\" height=\"85\" src=\"https:\/\/www.montebellopkg.com\/wp-content\/uploads\/2021\/09\/cosmoprof_vegas_logo.png\" class=\"attachment-large size-large wp-image-5480\" alt=\"\" srcset=\"https:\/\/www.montebellopkg.com\/wp-content\/uploads\/2021\/09\/cosmoprof_vegas_logo.png 342w, https:\/\/www.montebellopkg.com\/wp-content\/uploads\/2021\/09\/cosmoprof_vegas_logo-300x75.png 300w\" sizes=\"(max-width: 342px) 100vw, 342px\" \/>\t\t\t\t\t\t\t\t<\/a>\n\t\t\t\t\t\t\t\t\t\t\t\t\t<\/div>\n\t\t\t\t<\/div>\n\t\t\t\t\t<\/div>\n\t\t<\/div>\n\t\t\t\t<div class=\"elementor-column elementor-col-50 elementor-top-column elementor-element elementor-element-af1315d\" data-id=\"af1315d\" data-element_type=\"column\">\n\t\t\t<div class=\"elementor-widget-wrap elementor-element-populated\">\n\t\t\t\t\t\t<div class=\"elementor-element elementor-element-3637253 elementor-widget elementor-widget-heading\" data-id=\"3637253\" data-element_type=\"widget\" data-widget_type=\"heading.default\">\n\t\t\t\t<div class=\"elementor-widget-container\">\n\t\t\t<h2 class=\"elementor-heading-title elementor-size-default\"><span style=\"font-size: 2.125rem\">COSMOPROF Las Vegas<\/span><\/h2>\t\t<\/div>\n\t\t\t\t<\/div>\n\t\t\t\t<div class=\"elementor-element elementor-element-fdc5b0c elementor-widget elementor-widget-heading\" data-id=\"fdc5b0c\" data-element_type=\"widget\" data-widget_type=\"heading.default\">\n\t\t\t\t<div class=\"elementor-widget-container\">\n\t\t\t<h4 class=\"elementor-heading-title elementor-size-default\">23-25 juillet 2024<\/h4>\t\t<\/div>\n\t\t\t\t<\/div>\n\t\t\t\t<div class=\"elementor-element elementor-element-e343145 elementor-widget elementor-widget-text-editor\" data-id=\"e343145\" data-element_type=\"widget\" data-widget_type=\"text-editor.default\">\n\t\t\t\t<div class=\"elementor-widget-container\">\n\t\t\t\t\t\t\t<p>Mandalay Bay Convention Center<br \/>Las Vegas, NV, \u00c9tats-Unis<\/p>\t\t\t\t\t\t<\/div>\n\t\t\t\t<\/div>\n\t\t\t\t<div class=\"elementor-element elementor-element-a574197 elementor-align-left elementor-widget elementor-widget-button\" data-id=\"a574197\" data-element_type=\"widget\" data-widget_type=\"button.default\">\n\t\t\t\t<div class=\"elementor-widget-container\">\n\t\t\t\t\t\t\t<div class=\"elementor-button-wrapper\">\n\t\t\t\t\t<a class=\"elementor-button elementor-button-link elementor-size-sm\" href=\"https:\/\/cosmoprofnorthamerica.com\/las-vegas\/\">\n\t\t\t\t\t\t<span class=\"elementor-button-content-wrapper\">\n\t\t\t\t\t\t\t\t\t<span class=\"elementor-button-text\">En savoir plus<\/span>\n\t\t\t\t\t<\/span>\n\t\t\t\t\t<\/a>\n\t\t\t\t<\/div>\n\t\t\t\t\t\t<\/div>\n\t\t\t\t<\/div>\n\t\t\t\t\t<\/div>\n\t\t<\/div>\n\t\t\t\t\t<\/div>\n\t\t<\/section>\n\t\t\t\t<\/div>\n\t\t","protected":false},"excerpt":{"rendered":"<p>\u00c9v\u00e9nements &amp; Salons Semaine DCAT 18-21 mars 2024 New York, New York, \u00c9tats-Unis En savoir plus LUXE PACK New York 8-9 mai 2024 Centre JavitsNew York, New York, \u00c9tats-Unis En savoir plus COSMOPROF Las Vegas 23-25 juillet 2024 Mandalay Bay Convention CenterLas Vegas, NV, \u00c9tats-Unis En savoir plus<\/p>\n","protected":false},"author":2,"featured_media":0,"parent":0,"menu_order":0,"comment_status":"closed","ping_status":"closed","template":"","meta":{"site-sidebar-layout":"no-sidebar","site-content-layout":"page-builder","ast-site-content-layout":"","site-content-style":"default","site-sidebar-style":"default","ast-global-header-display":"","ast-banner-title-visibility":"","ast-main-header-display":"","ast-hfb-above-header-display":"","ast-hfb-below-header-display":"","ast-hfb-mobile-header-display":"","site-post-title":"disabled","ast-breadcrumbs-content":"","ast-featured-img":"disabled","footer-sml-layout":"","theme-transparent-header-meta":"default","adv-header-id-meta":"","stick-header-meta":"default","header-above-stick-meta":"","header-main-stick-meta":"","header-below-stick-meta":"","astra-migrate-meta-layouts":"default","ast-page-background-enabled":"default","ast-page-background-meta":{"desktop":{"background-color":"","background-image":"","background-repeat":"repeat","background-position":"center center","background-size":"auto","background-attachment":"scroll","background-type":"","background-media":"","overlay-type":"","overlay-color":"","overlay-gradient":""},"tablet":{"background-color":"","background-image":"","background-repeat":"repeat","background-position":"center center","background-size":"auto","background-attachment":"scroll","background-type":"","background-media":"","overlay-type":"","overlay-color":"","overlay-gradient":""},"mobile":{"background-color":"","background-image":"","background-repeat":"repeat","background-position":"center center","background-size":"auto","background-attachment":"scroll","background-type":"","background-media":"","overlay-type":"","overlay-color":"","overlay-gradient":""}},"ast-content-background-meta":{"desktop":{"background-color":"var(--ast-global-color-5)","background-image":"","background-repeat":"repeat","background-position":"center center","background-size":"auto","background-attachment":"scroll","background-type":"","background-media":"","overlay-type":"","overlay-color":"","overlay-gradient":""},"tablet":{"background-color":"var(--ast-global-color-5)","background-image":"","background-repeat":"repeat","background-position":"center center","background-size":"auto","background-attachment":"scroll","background-type":"","background-media":"","overlay-type":"","overlay-color":"","overlay-gradient":""},"mobile":{"background-color":"var(--ast-global-color-5)","background-image":"","background-repeat":"repeat","background-position":"center center","background-size":"auto","background-attachment":"scroll","background-type":"","background-media":"","overlay-type":"","overlay-color":"","overlay-gradient":""}},"footnotes":""},"class_list":["post-5735","page","type-page","status-publish","hentry"],"yoast_head":"<!-- This site is optimized with the Yoast SEO plugin v24.6 - https:\/\/yoast.com\/wordpress\/plugins\/seo\/ -->\n<title>\u00c9v\u00e9nements &amp; Spectacles - Montebello Packaging<\/title>\n<meta name=\"description\" content=\"Vous voulez en savoir plus sur les Emballages Montebello ? Venez voir \u00e0 l&#039;un de ces spectacles \u00e0 venir, nous serions ravis de vous dire bonjour\u00a0!\" \/>\n<meta name=\"robots\" content=\"index, follow, max-snippet:-1, max-image-preview:large, max-video-preview:-1\" \/>\n<link rel=\"canonical\" href=\"https:\/\/www.montebellopkg.com\/fr\/evenements-spectacles\/\" \/>\n<meta property=\"og:locale\" content=\"fr_FR\" \/>\n<meta property=\"og:type\" content=\"article\" \/>\n<meta property=\"og:title\" content=\"Emballages Montebello - \u00c9v\u00e9nements &amp; Spectacles\" \/>\n<meta property=\"og:description\" content=\"Vous voulez en savoir plus sur les Emballages Montebello ? Venez voir \u00e0 l&#039;un de ces spectacles \u00e0 venir, nous serions ravis de vous dire bonjour\u00a0!\" \/>\n<meta property=\"og:url\" content=\"https:\/\/www.montebellopkg.com\/fr\/evenements-spectacles\/\" \/>\n<meta property=\"og:site_name\" content=\"Montebello Packaging\" \/>\n<meta property=\"article:modified_time\" content=\"2024-02-28T20:38:11+00:00\" \/>\n<meta property=\"og:image\" content=\"https:\/\/www.montebellopkg.com\/wp-content\/uploads\/2021\/09\/AdobeStock_197565964-scaled.jpeg\" \/>\n<meta name=\"twitter:card\" content=\"summary_large_image\" \/>\n<meta name=\"twitter:title\" content=\"Emballages Montebello - \u00c9v\u00e9nements &amp; Spectacles\" \/>\n<meta name=\"twitter:description\" content=\"Vous voulez en savoir plus sur les Emballages Montebello ? Venez voir \u00e0 l&#039;un de ces spectacles \u00e0 venir, nous serions ravis de vous dire bonjour\u00a0!\" \/>\n<meta name=\"twitter:image\" content=\"https:\/\/www.montebellopkg.com\/wp-content\/uploads\/2021\/09\/AdobeStock_197565964-scaled.jpeg\" \/>\n<meta name=\"twitter:label1\" content=\"Dur\u00e9e de lecture estim\u00e9e\" \/>\n\t<meta name=\"twitter:data1\" content=\"1 minute\" \/>\n<script type=\"application\/ld+json\" class=\"yoast-schema-graph\">{\"@context\":\"https:\/\/schema.org\",\"@graph\":[{\"@type\":\"WebPage\",\"@id\":\"https:\/\/www.montebellopkg.com\/fr\/evenements-spectacles\/\",\"url\":\"https:\/\/www.montebellopkg.com\/fr\/evenements-spectacles\/\",\"name\":\"\u00c9v\u00e9nements &amp; Spectacles - Montebello Packaging\",\"isPartOf\":{\"@id\":\"https:\/\/www.montebellopkg.com\/fr\/#website\"},\"primaryImageOfPage\":{\"@id\":\"https:\/\/www.montebellopkg.com\/fr\/evenements-spectacles\/#primaryimage\"},\"image\":{\"@id\":\"https:\/\/www.montebellopkg.com\/fr\/evenements-spectacles\/#primaryimage\"},\"thumbnailUrl\":\"https:\/\/www.montebellopkg.com\/wp-content\/uploads\/2023\/11\/DCAT-logo-main.png\",\"datePublished\":\"2021-09-22T18:25:32+00:00\",\"dateModified\":\"2024-02-28T20:38:11+00:00\",\"description\":\"Vous voulez en savoir plus sur les Emballages Montebello ? Venez voir \u00e0 l'un de ces spectacles \u00e0 venir, nous serions ravis de vous dire bonjour\u00a0!\",\"breadcrumb\":{\"@id\":\"https:\/\/www.montebellopkg.com\/fr\/evenements-spectacles\/#breadcrumb\"},\"inLanguage\":\"fr-FR\",\"potentialAction\":[{\"@type\":\"ReadAction\",\"target\":[\"https:\/\/www.montebellopkg.com\/fr\/evenements-spectacles\/\"]}]},{\"@type\":\"ImageObject\",\"inLanguage\":\"fr-FR\",\"@id\":\"https:\/\/www.montebellopkg.com\/fr\/evenements-spectacles\/#primaryimage\",\"url\":\"https:\/\/www.montebellopkg.com\/wp-content\/uploads\/2023\/11\/DCAT-logo-main.png\",\"contentUrl\":\"https:\/\/www.montebellopkg.com\/wp-content\/uploads\/2023\/11\/DCAT-logo-main.png\"},{\"@type\":\"BreadcrumbList\",\"@id\":\"https:\/\/www.montebellopkg.com\/fr\/evenements-spectacles\/#breadcrumb\",\"itemListElement\":[{\"@type\":\"ListItem\",\"position\":1,\"name\":\"Home\",\"item\":\"https:\/\/www.montebellopkg.com\/fr\/\"},{\"@type\":\"ListItem\",\"position\":2,\"name\":\"\u00c9v\u00e9nements &amp; Spectacles\"}]},{\"@type\":\"WebSite\",\"@id\":\"https:\/\/www.montebellopkg.com\/fr\/#website\",\"url\":\"https:\/\/www.montebellopkg.com\/fr\/\",\"name\":\"Montebello Packaging\",\"description\":\"\",\"publisher\":{\"@id\":\"https:\/\/www.montebellopkg.com\/fr\/#organization\"},\"potentialAction\":[{\"@type\":\"SearchAction\",\"target\":{\"@type\":\"EntryPoint\",\"urlTemplate\":\"https:\/\/www.montebellopkg.com\/fr\/?s={search_term_string}\"},\"query-input\":{\"@type\":\"PropertyValueSpecification\",\"valueRequired\":true,\"valueName\":\"search_term_string\"}}],\"inLanguage\":\"fr-FR\"},{\"@type\":\"Organization\",\"@id\":\"https:\/\/www.montebellopkg.com\/fr\/#organization\",\"name\":\"Montebello Packaging\",\"url\":\"https:\/\/www.montebellopkg.com\/fr\/\",\"logo\":{\"@type\":\"ImageObject\",\"inLanguage\":\"fr-FR\",\"@id\":\"https:\/\/www.montebellopkg.com\/fr\/#\/schema\/logo\/image\/\",\"url\":\"https:\/\/www.montebellopkg.com\/wp-content\/uploads\/2021\/06\/cropped-Montebello-Site-Assets-02.png\",\"contentUrl\":\"https:\/\/www.montebellopkg.com\/wp-content\/uploads\/2021\/06\/cropped-Montebello-Site-Assets-02.png\",\"width\":487,\"height\":119,\"caption\":\"Montebello Packaging\"},\"image\":{\"@id\":\"https:\/\/www.montebellopkg.com\/fr\/#\/schema\/logo\/image\/\"}}]}<\/script>\n<!-- \/ Yoast SEO plugin. -->","yoast_head_json":{"title":"\u00c9v\u00e9nements &amp; Spectacles - Montebello Packaging","description":"Vous voulez en savoir plus sur les Emballages Montebello ? Venez voir \u00e0 l'un de ces spectacles \u00e0 venir, nous serions ravis de vous dire bonjour\u00a0!","robots":{"index":"index","follow":"follow","max-snippet":"max-snippet:-1","max-image-preview":"max-image-preview:large","max-video-preview":"max-video-preview:-1"},"canonical":"https:\/\/www.montebellopkg.com\/fr\/evenements-spectacles\/","og_locale":"fr_FR","og_type":"article","og_title":"Emballages Montebello - \u00c9v\u00e9nements & Spectacles","og_description":"Vous voulez en savoir plus sur les Emballages Montebello ? Venez voir \u00e0 l'un de ces spectacles \u00e0 venir, nous serions ravis de vous dire bonjour\u00a0!","og_url":"https:\/\/www.montebellopkg.com\/fr\/evenements-spectacles\/","og_site_name":"Montebello Packaging","article_modified_time":"2024-02-28T20:38:11+00:00","og_image":[{"url":"https:\/\/www.montebellopkg.com\/wp-content\/uploads\/2021\/09\/AdobeStock_197565964-scaled.jpeg","type":"","width":"","height":""}],"twitter_card":"summary_large_image","twitter_title":"Emballages Montebello - \u00c9v\u00e9nements & Spectacles","twitter_description":"Vous voulez en savoir plus sur les Emballages Montebello ? Venez voir \u00e0 l'un de ces spectacles \u00e0 venir, nous serions ravis de vous dire bonjour\u00a0!","twitter_image":"https:\/\/www.montebellopkg.com\/wp-content\/uploads\/2021\/09\/AdobeStock_197565964-scaled.jpeg","twitter_misc":{"Dur\u00e9e de lecture estim\u00e9e":"1 minute"},"schema":{"@context":"https:\/\/schema.org","@graph":[{"@type":"WebPage","@id":"https:\/\/www.montebellopkg.com\/fr\/evenements-spectacles\/","url":"https:\/\/www.montebellopkg.com\/fr\/evenements-spectacles\/","name":"\u00c9v\u00e9nements &amp; Spectacles - Montebello Packaging","isPartOf":{"@id":"https:\/\/www.montebellopkg.com\/fr\/#website"},"primaryImageOfPage":{"@id":"https:\/\/www.montebellopkg.com\/fr\/evenements-spectacles\/#primaryimage"},"image":{"@id":"https:\/\/www.montebellopkg.com\/fr\/evenements-spectacles\/#primaryimage"},"thumbnailUrl":"https:\/\/www.montebellopkg.com\/wp-content\/uploads\/2023\/11\/DCAT-logo-main.png","datePublished":"2021-09-22T18:25:32+00:00","dateModified":"2024-02-28T20:38:11+00:00","description":"Vous voulez en savoir plus sur les Emballages Montebello ? Venez voir \u00e0 l'un de ces spectacles \u00e0 venir, nous serions ravis de vous dire bonjour\u00a0!","breadcrumb":{"@id":"https:\/\/www.montebellopkg.com\/fr\/evenements-spectacles\/#breadcrumb"},"inLanguage":"fr-FR","potentialAction":[{"@type":"ReadAction","target":["https:\/\/www.montebellopkg.com\/fr\/evenements-spectacles\/"]}]},{"@type":"ImageObject","inLanguage":"fr-FR","@id":"https:\/\/www.montebellopkg.com\/fr\/evenements-spectacles\/#primaryimage","url":"https:\/\/www.montebellopkg.com\/wp-content\/uploads\/2023\/11\/DCAT-logo-main.png","contentUrl":"https:\/\/www.montebellopkg.com\/wp-content\/uploads\/2023\/11\/DCAT-logo-main.png"},{"@type":"BreadcrumbList","@id":"https:\/\/www.montebellopkg.com\/fr\/evenements-spectacles\/#breadcrumb","itemListElement":[{"@type":"ListItem","position":1,"name":"Home","item":"https:\/\/www.montebellopkg.com\/fr\/"},{"@type":"ListItem","position":2,"name":"\u00c9v\u00e9nements &amp; Spectacles"}]},{"@type":"WebSite","@id":"https:\/\/www.montebellopkg.com\/fr\/#website","url":"https:\/\/www.montebellopkg.com\/fr\/","name":"Montebello Packaging","description":"","publisher":{"@id":"https:\/\/www.montebellopkg.com\/fr\/#organization"},"potentialAction":[{"@type":"SearchAction","target":{"@type":"EntryPoint","urlTemplate":"https:\/\/www.montebellopkg.com\/fr\/?s={search_term_string}"},"query-input":{"@type":"PropertyValueSpecification","valueRequired":true,"valueName":"search_term_string"}}],"inLanguage":"fr-FR"},{"@type":"Organization","@id":"https:\/\/www.montebellopkg.com\/fr\/#organization","name":"Montebello Packaging","url":"https:\/\/www.montebellopkg.com\/fr\/","logo":{"@type":"ImageObject","inLanguage":"fr-FR","@id":"https:\/\/www.montebellopkg.com\/fr\/#\/schema\/logo\/image\/","url":"https:\/\/www.montebellopkg.com\/wp-content\/uploads\/2021\/06\/cropped-Montebello-Site-Assets-02.png","contentUrl":"https:\/\/www.montebellopkg.com\/wp-content\/uploads\/2021\/06\/cropped-Montebello-Site-Assets-02.png","width":487,"height":119,"caption":"Montebello Packaging"},"image":{"@id":"https:\/\/www.montebellopkg.com\/fr\/#\/schema\/logo\/image\/"}}]}},"_links":{"self":[{"href":"https:\/\/www.montebellopkg.com\/fr\/wp-json\/wp\/v2\/pages\/5735","targetHints":{"allow":["GET"]}}],"collection":[{"href":"https:\/\/www.montebellopkg.com\/fr\/wp-json\/wp\/v2\/pages"}],"about":[{"href":"https:\/\/www.montebellopkg.com\/fr\/wp-json\/wp\/v2\/types\/page"}],"author":[{"embeddable":true,"href":"https:\/\/www.montebellopkg.com\/fr\/wp-json\/wp\/v2\/users\/2"}],"replies":[{"embeddable":true,"href":"https:\/\/www.montebellopkg.com\/fr\/wp-json\/wp\/v2\/comments?post=5735"}],"version-history":[{"count":0,"href":"https:\/\/www.montebellopkg.com\/fr\/wp-json\/wp\/v2\/pages\/5735\/revisions"}],"wp:attachment":[{"href":"https:\/\/www.montebellopkg.com\/fr\/wp-json\/wp\/v2\/media?parent=5735"}],"curies":[{"name":"wp","href":"https:\/\/api.w.org\/{rel}","templated":true}]}}